{"id":47,"date":"2020-09-24T19:04:31","date_gmt":"2020-09-24T17:04:31","guid":{"rendered":"https:\/\/mydev.h2g.pl\/be\/leasing\/?page_id=47"},"modified":"2021-04-01T14:26:02","modified_gmt":"2021-04-01T12:26:02","slug":"prikolice","status":"publish","type":"page","link":"https:\/\/dragonaluminumboats.com\/en\/trailers\/","title":{"rendered":"Prikolice"},"content":{"rendered":"<div data-elementor-type=\"wp-page\" data-elementor-id=\"47\" class=\"elementor elementor-47\" data-elementor-post-type=\"page\">\n\t\t\t\t\t\t\t\t\t<section class=\"has_ma_el_bg_slider elementor-section elementor-top-section elementor-element elementor-element-5801977 elementor-section-boxed elementor-section-height-default elementor-section-height-default jltma-glass-effect-no\" data-id=\"5801977\" data-element_type=\"section\">\n\t\t\t\t\t\t<div class=\"elementor-container elementor-column-gap-default\">\n\t\t\t\t\t<div class=\"has_ma_el_bg_slider elementor-column elementor-col-100 elementor-top-column elementor-element elementor-element-d0d8cbe jltma-glass-effect-no\" data-id=\"d0d8cbe\" data-element_type=\"column\">\n\t\t\t<div class=\"elementor-widget-wrap elementor-element-populated\">\n\t\t\t\t\t\t\t\t<div class=\"elementor-element elementor-element-d481c4f jltma-glass-effect-no elementor-widget elementor-widget-text-editor\" data-id=\"d481c4f\" data-element_type=\"widget\" data-widget_type=\"text-editor.default\">\n\t\t\t\t<div class=\"elementor-widget-container\">\n\t\t\t\t\t\t\t<p class=\"themecolor\"><strong>Dragon trailers<br \/><\/strong><\/p>\t\t\t\t\t\t<\/div>\n\t\t\t\t<\/div>\n\t\t\t\t<div class=\"elementor-element elementor-element-5bd148e jltma-glass-effect-no elementor-widget elementor-widget-text-editor\" data-id=\"5bd148e\" data-element_type=\"widget\" data-widget_type=\"text-editor.default\">\n\t\t\t\t<div class=\"elementor-widget-container\">\n\t\t\t\t\t\t\t<p>As the last step in this perfect creation, we present to you our aluminium trailers completely compatible with your boat, both in terms of material and appearance. Colours are adjusted to the boat\u2019s design and can be customized according to the buyer\u2019s wishes. In terms of technical characteristics, the material and manufacturing technology were carefully selected, resulting in a lower centre of gravity and elimination of vibrations enabling stability in movement as well as a completely calm and relaxed drive to the destination. Trailers are equipped with a contemporary water-proof LED system, completely safe for the user, which need not be removed to lower the boat and haul it from shallow water. Massive side fenders are also steps for entering the boat.<\/p><div>\u00a0<\/div><div>\u00a0<\/div>\t\t\t\t\t\t<\/div>\n\t\t\t\t<\/div>\n\t\t\t\t<section class=\"has_ma_el_bg_slider elementor-section elementor-inner-section elementor-element elementor-element-ca27fb3 elementor-section-boxed elementor-section-height-default elementor-section-height-default jltma-glass-effect-no\" data-id=\"ca27fb3\" data-element_type=\"section\">\n\t\t\t\t\t\t<div class=\"elementor-container elementor-column-gap-default\">\n\t\t\t\t\t<div class=\"has_ma_el_bg_slider elementor-column elementor-col-33 elementor-inner-column elementor-element elementor-element-bd454dc jltma-glass-effect-no\" data-id=\"bd454dc\" data-element_type=\"column\">\n\t\t\t<div class=\"elementor-widget-wrap elementor-element-populated\">\n\t\t\t\t\t\t\t\t<div class=\"elementor-element elementor-element-c53a018 jltma-glass-effect-no elementor-widget elementor-widget-text-editor\" data-id=\"c53a018\" data-element_type=\"widget\" data-widget_type=\"text-editor.default\">\n\t\t\t\t<div class=\"elementor-widget-container\">\n\t\t\t\t\t\t\t<div data-id=\"25389b9\" data-element_type=\"column\"><div><div data-id=\"157ad11\" data-element_type=\"widget\" data-widget_type=\"text-editor.default\"><div><div><p><strong>Equipment:<\/strong><\/p><ul><li style=\"list-style-type: none;\"><ul><li>IP86 water-proof standard electrical installations<\/li><li>Spare wheel<\/li><li>Manual winch<\/li><li>Side leads (AISI316)<\/li><li>Auto-collapsible support wheel<\/li><li>Overrun brake<\/li><li>Hand parking brake<\/li><li>Central anti-slip track<\/li><\/ul><\/li><\/ul><\/div><\/div><\/div><\/div><\/div>\t\t\t\t\t\t<\/div>\n\t\t\t\t<\/div>\n\t\t\t\t\t<\/div>\n\t\t<\/div>\n\t\t\t\t<div class=\"has_ma_el_bg_slider elementor-column elementor-col-33 elementor-inner-column elementor-element elementor-element-9e11220 jltma-glass-effect-no\" data-id=\"9e11220\" data-element_type=\"column\" data-settings=\"{&quot;background_background&quot;:&quot;classic&quot;}\">\n\t\t\t<div class=\"elementor-widget-wrap elementor-element-populated\">\n\t\t\t\t\t\t\t\t<div class=\"elementor-element elementor-element-574711c jltma-glass-effect-no elementor-widget elementor-widget-text-editor\" data-id=\"574711c\" data-element_type=\"widget\" data-widget_type=\"text-editor.default\">\n\t\t\t\t<div class=\"elementor-widget-container\">\n\t\t\t\t\t\t\t<div data-id=\"25389b9\" data-element_type=\"column\"><div><div data-id=\"157ad11\" data-element_type=\"widget\" data-widget_type=\"text-editor.default\"><div><div><p><strong>Trailer 510-550:<\/strong><\/p><ul><li style=\"list-style-type: none;\"><ul><li>Length (mm): 6700<\/li><li>Width (mm): 2550<\/li><li>Number of axles: 1<\/li><li>Trailer weight (kg): 320<\/li><li>Maximum allowed weight (kg): 1350<\/li><\/ul><\/li><\/ul><\/div><\/div><\/div><\/div><\/div>\t\t\t\t\t\t<\/div>\n\t\t\t\t<\/div>\n\t\t\t\t\t<\/div>\n\t\t<\/div>\n\t\t\t\t<div class=\"has_ma_el_bg_slider elementor-column elementor-col-33 elementor-inner-column elementor-element elementor-element-ea0da7e jltma-glass-effect-no\" data-id=\"ea0da7e\" data-element_type=\"column\" data-settings=\"{&quot;background_background&quot;:&quot;classic&quot;}\">\n\t\t\t<div class=\"elementor-widget-wrap elementor-element-populated\">\n\t\t\t\t\t\t\t\t<div class=\"elementor-element elementor-element-0596d4f jltma-glass-effect-no elementor-widget elementor-widget-text-editor\" data-id=\"0596d4f\" data-element_type=\"widget\" data-widget_type=\"text-editor.default\">\n\t\t\t\t<div class=\"elementor-widget-container\">\n\t\t\t\t\t\t\t<div data-id=\"25389b9\" data-element_type=\"column\"><div><div data-id=\"157ad11\" data-element_type=\"widget\" data-widget_type=\"text-editor.default\"><div><div><p><strong>Trailer 620-680:<\/strong><\/p><ul><li>Length (mm): 7750<\/li><li>Width (mm): 2550<\/li><li>Number of axles: 2<\/li><li>Trailer weight (kg): 450<\/li><li>Maximum allowed weight (kg): 2700<\/li><\/ul><\/div><\/div><\/div><\/div><\/div>\t\t\t\t\t\t<\/div>\n\t\t\t\t<\/div>\n\t\t\t\t\t<\/div>\n\t\t<\/div>\n\t\t\t\t\t\t\t<\/div>\n\t\t<\/section>\n\t\t\t\t\t<\/div>\n\t\t<\/div>\n\t\t\t\t\t\t\t<\/div>\n\t\t<\/section>\n\t\t\t\t<section class=\"has_ma_el_bg_slider elementor-section elementor-top-section elementor-element elementor-element-de6d7d2 elementor-section-boxed elementor-section-height-default elementor-section-height-default jltma-glass-effect-no\" data-id=\"de6d7d2\" data-element_type=\"section\">\n\t\t\t\t\t\t<div class=\"elementor-container elementor-column-gap-default\">\n\t\t\t\t\t<div class=\"has_ma_el_bg_slider elementor-column elementor-col-100 elementor-top-column elementor-element elementor-element-6a62f0f jltma-glass-effect-no\" data-id=\"6a62f0f\" data-element_type=\"column\">\n\t\t\t<div class=\"elementor-widget-wrap elementor-element-populated\">\n\t\t\t\t\t\t\t\t<div class=\"elementor-element elementor-element-94e4191 jltma-glass-effect-no elementor-widget elementor-widget-mfn_gallery\" data-id=\"94e4191\" data-element_type=\"widget\" data-widget_type=\"mfn_gallery.default\">\n\t\t\t\t<div class=\"elementor-widget-container\">\n\t\t\t\n\t\t\t<style type='text\/css'>\n\t\t\t\t#sc_gallery-1 {\n\t\t\t\t\tmargin: auto;\n\t\t\t\t}\n\t\t\t\t#sc_gallery-1 .gallery-item {\n\t\t\t\t\tfloat: left;\n\t\t\t\t\ttext-align: center;\n\t\t\t\t\twidth: 16.66%;\n\t\t\t\t}\n\t\t\t\t#sc_gallery-1 img {\n\t\t\t\t\tborder: 2px solid #cfcfcf;\n\t\t\t\t}\n\t\t\t\t\/* see sc_gallery() in functions\/theme-shortcodes.php *\/\n\t\t\t<\/style>\n\t\t<div id='sc_gallery-1' class='gallery element_classes galleryid-47 gallery-columns-6 gallery-size-thumbnail file gallery-default'><dl class='gallery-item' data-title='WhatsApp Image 2021-03-30 at 12.47.33 (1)' data-description=''><div class='gallery-item-wrapper'>\n\t\t\t\t<dt class='gallery-icon landscape'>\n\t\t\t\t\t<a href='https:\/\/dragonaluminumboats.com\/wp-content\/uploads\/2021\/03\/WhatsApp-Image-2021-03-30-at-12.47.33-1.jpeg'><img loading=\"lazy\" decoding=\"async\" width=\"150\" height=\"150\" src=\"https:\/\/dragonaluminumboats.com\/wp-content\/uploads\/2021\/03\/WhatsApp-Image-2021-03-30-at-12.47.33-1-150x150.jpeg\" class=\"attachment-thumbnail size-thumbnail\" alt=\"\" srcset=\"https:\/\/dragonaluminumboats.com\/wp-content\/uploads\/2021\/03\/WhatsApp-Image-2021-03-30-at-12.47.33-1-150x150.jpeg 150w, https:\/\/dragonaluminumboats.com\/wp-content\/uploads\/2021\/03\/WhatsApp-Image-2021-03-30-at-12.47.33-1-85x85.jpeg 85w, https:\/\/dragonaluminumboats.com\/wp-content\/uploads\/2021\/03\/WhatsApp-Image-2021-03-30-at-12.47.33-1-80x80.jpeg 80w\" sizes=\"auto, (max-width:767px) 150px, 150px\" \/><\/a>\n\t\t\t\t<\/dt><\/div><\/dl><dl class='gallery-item' data-title='WhatsApp Image 2021-03-30 at 12.47.33' data-description=''><div class='gallery-item-wrapper'>\n\t\t\t\t<dt class='gallery-icon landscape'>\n\t\t\t\t\t<a href='https:\/\/dragonaluminumboats.com\/wp-content\/uploads\/2021\/03\/WhatsApp-Image-2021-03-30-at-12.47.33.jpeg'><img loading=\"lazy\" decoding=\"async\" width=\"150\" height=\"150\" src=\"https:\/\/dragonaluminumboats.com\/wp-content\/uploads\/2021\/03\/WhatsApp-Image-2021-03-30-at-12.47.33-150x150.jpeg\" class=\"attachment-thumbnail size-thumbnail\" alt=\"\" srcset=\"https:\/\/dragonaluminumboats.com\/wp-content\/uploads\/2021\/03\/WhatsApp-Image-2021-03-30-at-12.47.33-150x150.jpeg 150w, https:\/\/dragonaluminumboats.com\/wp-content\/uploads\/2021\/03\/WhatsApp-Image-2021-03-30-at-12.47.33-85x85.jpeg 85w, https:\/\/dragonaluminumboats.com\/wp-content\/uploads\/2021\/03\/WhatsApp-Image-2021-03-30-at-12.47.33-80x80.jpeg 80w\" sizes=\"auto, (max-width:767px) 150px, 150px\" \/><\/a>\n\t\t\t\t<\/dt><\/div><\/dl><dl class='gallery-item' data-title='WhatsApp Image 2021-03-30 at 12.47.31' data-description=''><div class='gallery-item-wrapper'>\n\t\t\t\t<dt class='gallery-icon landscape'>\n\t\t\t\t\t<a href='https:\/\/dragonaluminumboats.com\/wp-content\/uploads\/2021\/03\/WhatsApp-Image-2021-03-30-at-12.47.31.jpeg'><img loading=\"lazy\" decoding=\"async\" width=\"150\" height=\"150\" src=\"https:\/\/dragonaluminumboats.com\/wp-content\/uploads\/2021\/03\/WhatsApp-Image-2021-03-30-at-12.47.31-150x150.jpeg\" class=\"attachment-thumbnail size-thumbnail\" alt=\"\" srcset=\"https:\/\/dragonaluminumboats.com\/wp-content\/uploads\/2021\/03\/WhatsApp-Image-2021-03-30-at-12.47.31-150x150.jpeg 150w, https:\/\/dragonaluminumboats.com\/wp-content\/uploads\/2021\/03\/WhatsApp-Image-2021-03-30-at-12.47.31-85x85.jpeg 85w, https:\/\/dragonaluminumboats.com\/wp-content\/uploads\/2021\/03\/WhatsApp-Image-2021-03-30-at-12.47.31-80x80.jpeg 80w\" sizes=\"auto, (max-width:767px) 150px, 150px\" \/><\/a>\n\t\t\t\t<\/dt><\/div><\/dl><dl class='gallery-item' data-title='IMG-20210121-WA0133' data-description=''><div class='gallery-item-wrapper'>\n\t\t\t\t<dt class='gallery-icon landscape'>\n\t\t\t\t\t<a href='https:\/\/dragonaluminumboats.com\/wp-content\/uploads\/2021\/03\/IMG-20210121-WA0133-1-rotated.jpg'><img loading=\"lazy\" decoding=\"async\" width=\"150\" height=\"150\" src=\"https:\/\/dragonaluminumboats.com\/wp-content\/uploads\/2021\/03\/IMG-20210121-WA0133-1-150x150.jpg\" class=\"attachment-thumbnail size-thumbnail\" alt=\"\" srcset=\"https:\/\/dragonaluminumboats.com\/wp-content\/uploads\/2021\/03\/IMG-20210121-WA0133-1-150x150.jpg 150w, https:\/\/dragonaluminumboats.com\/wp-content\/uploads\/2021\/03\/IMG-20210121-WA0133-1-85x85.jpg 85w, https:\/\/dragonaluminumboats.com\/wp-content\/uploads\/2021\/03\/IMG-20210121-WA0133-1-80x80.jpg 80w\" sizes=\"auto, (max-width:767px) 150px, 150px\" \/><\/a>\n\t\t\t\t<\/dt><\/div><\/dl><dl class='gallery-item' data-title='IMG_20201202_194223_5' data-description=''><div class='gallery-item-wrapper'>\n\t\t\t\t<dt class='gallery-icon portrait'>\n\t\t\t\t\t<a href='https:\/\/dragonaluminumboats.com\/wp-content\/uploads\/2021\/03\/IMG_20201202_194223_5-scaled.jpg'><img loading=\"lazy\" decoding=\"async\" width=\"150\" height=\"150\" src=\"https:\/\/dragonaluminumboats.com\/wp-content\/uploads\/2021\/03\/IMG_20201202_194223_5-150x150.jpg\" class=\"attachment-thumbnail size-thumbnail\" alt=\"\" srcset=\"https:\/\/dragonaluminumboats.com\/wp-content\/uploads\/2021\/03\/IMG_20201202_194223_5-150x150.jpg 150w, https:\/\/dragonaluminumboats.com\/wp-content\/uploads\/2021\/03\/IMG_20201202_194223_5-85x85.jpg 85w, https:\/\/dragonaluminumboats.com\/wp-content\/uploads\/2021\/03\/IMG_20201202_194223_5-80x80.jpg 80w\" sizes=\"auto, (max-width:767px) 150px, 150px\" \/><\/a>\n\t\t\t\t<\/dt><\/div><\/dl><dl class='gallery-item' data-title='IMG_20201230_134033_3' data-description=''><div class='gallery-item-wrapper'>\n\t\t\t\t<dt class='gallery-icon landscape'>\n\t\t\t\t\t<a href='https:\/\/dragonaluminumboats.com\/wp-content\/uploads\/2021\/03\/IMG_20201230_134033_3-scaled.jpg'><img loading=\"lazy\" decoding=\"async\" width=\"150\" height=\"150\" src=\"https:\/\/dragonaluminumboats.com\/wp-content\/uploads\/2021\/03\/IMG_20201230_134033_3-150x150.jpg\" class=\"attachment-thumbnail size-thumbnail\" alt=\"\" srcset=\"https:\/\/dragonaluminumboats.com\/wp-content\/uploads\/2021\/03\/IMG_20201230_134033_3-150x150.jpg 150w, https:\/\/dragonaluminumboats.com\/wp-content\/uploads\/2021\/03\/IMG_20201230_134033_3-85x85.jpg 85w, https:\/\/dragonaluminumboats.com\/wp-content\/uploads\/2021\/03\/IMG_20201230_134033_3-80x80.jpg 80w\" sizes=\"auto, (max-width:767px) 150px, 150px\" \/><\/a>\n\t\t\t\t<\/dt><\/div><\/dl><br style=\"clear: both\" \/><dl class='gallery-item' data-title='IMG_20201220_110526_4' data-description=''><div class='gallery-item-wrapper'>\n\t\t\t\t<dt class='gallery-icon landscape'>\n\t\t\t\t\t<a href='https:\/\/dragonaluminumboats.com\/wp-content\/uploads\/2021\/03\/IMG_20201220_110526_4-scaled.jpg'><img loading=\"lazy\" decoding=\"async\" width=\"150\" height=\"150\" src=\"https:\/\/dragonaluminumboats.com\/wp-content\/uploads\/2021\/03\/IMG_20201220_110526_4-150x150.jpg\" class=\"attachment-thumbnail size-thumbnail\" alt=\"\" srcset=\"https:\/\/dragonaluminumboats.com\/wp-content\/uploads\/2021\/03\/IMG_20201220_110526_4-150x150.jpg 150w, https:\/\/dragonaluminumboats.com\/wp-content\/uploads\/2021\/03\/IMG_20201220_110526_4-85x85.jpg 85w, https:\/\/dragonaluminumboats.com\/wp-content\/uploads\/2021\/03\/IMG_20201220_110526_4-80x80.jpg 80w\" sizes=\"auto, (max-width:767px) 150px, 150px\" \/><\/a>\n\t\t\t\t<\/dt><\/div><\/dl><dl class='gallery-item' data-title='IMG_20201002_194004_6' data-description=''><div class='gallery-item-wrapper'>\n\t\t\t\t<dt class='gallery-icon portrait'>\n\t\t\t\t\t<a href='https:\/\/dragonaluminumboats.com\/wp-content\/uploads\/2021\/03\/IMG_20201002_194004_6-scaled.jpg'><img loading=\"lazy\" decoding=\"async\" width=\"150\" height=\"150\" src=\"https:\/\/dragonaluminumboats.com\/wp-content\/uploads\/2021\/03\/IMG_20201002_194004_6-150x150.jpg\" class=\"attachment-thumbnail size-thumbnail\" alt=\"\" srcset=\"https:\/\/dragonaluminumboats.com\/wp-content\/uploads\/2021\/03\/IMG_20201002_194004_6-150x150.jpg 150w, https:\/\/dragonaluminumboats.com\/wp-content\/uploads\/2021\/03\/IMG_20201002_194004_6-85x85.jpg 85w, https:\/\/dragonaluminumboats.com\/wp-content\/uploads\/2021\/03\/IMG_20201002_194004_6-80x80.jpg 80w\" sizes=\"auto, (max-width:767px) 150px, 150px\" \/><\/a>\n\t\t\t\t<\/dt><\/div><\/dl><dl class='gallery-item' data-title='IMG_20201115_175332_7' data-description=''><div class='gallery-item-wrapper'>\n\t\t\t\t<dt class='gallery-icon portrait'>\n\t\t\t\t\t<a href='https:\/\/dragonaluminumboats.com\/wp-content\/uploads\/2021\/03\/IMG_20201115_175332_7-scaled.jpg'><img loading=\"lazy\" decoding=\"async\" width=\"150\" height=\"150\" src=\"https:\/\/dragonaluminumboats.com\/wp-content\/uploads\/2021\/03\/IMG_20201115_175332_7-150x150.jpg\" class=\"attachment-thumbnail size-thumbnail\" alt=\"\" srcset=\"https:\/\/dragonaluminumboats.com\/wp-content\/uploads\/2021\/03\/IMG_20201115_175332_7-150x150.jpg 150w, https:\/\/dragonaluminumboats.com\/wp-content\/uploads\/2021\/03\/IMG_20201115_175332_7-85x85.jpg 85w, https:\/\/dragonaluminumboats.com\/wp-content\/uploads\/2021\/03\/IMG_20201115_175332_7-80x80.jpg 80w\" sizes=\"auto, (max-width:767px) 150px, 150px\" \/><\/a>\n\t\t\t\t<\/dt><\/div><\/dl><dl class='gallery-item' data-title='IMG_20201202_194320_7' data-description=''><div class='gallery-item-wrapper'>\n\t\t\t\t<dt class='gallery-icon portrait'>\n\t\t\t\t\t<a href='https:\/\/dragonaluminumboats.com\/wp-content\/uploads\/2021\/03\/IMG_20201202_194320_7-1-scaled.jpg'><img loading=\"lazy\" decoding=\"async\" width=\"150\" height=\"150\" src=\"https:\/\/dragonaluminumboats.com\/wp-content\/uploads\/2021\/03\/IMG_20201202_194320_7-1-150x150.jpg\" class=\"attachment-thumbnail size-thumbnail\" alt=\"\" srcset=\"https:\/\/dragonaluminumboats.com\/wp-content\/uploads\/2021\/03\/IMG_20201202_194320_7-1-150x150.jpg 150w, https:\/\/dragonaluminumboats.com\/wp-content\/uploads\/2021\/03\/IMG_20201202_194320_7-1-85x85.jpg 85w, https:\/\/dragonaluminumboats.com\/wp-content\/uploads\/2021\/03\/IMG_20201202_194320_7-1-80x80.jpg 80w\" sizes=\"auto, (max-width:767px) 150px, 150px\" \/><\/a>\n\t\t\t\t<\/dt><\/div><\/dl><dl class='gallery-item' data-title='IMG_20201220_175526_8' data-description=''><div class='gallery-item-wrapper'>\n\t\t\t\t<dt class='gallery-icon landscape'>\n\t\t\t\t\t<a href='https:\/\/dragonaluminumboats.com\/wp-content\/uploads\/2021\/03\/IMG_20201220_175526_8-scaled.jpg'><img loading=\"lazy\" decoding=\"async\" width=\"150\" height=\"150\" src=\"https:\/\/dragonaluminumboats.com\/wp-content\/uploads\/2021\/03\/IMG_20201220_175526_8-150x150.jpg\" class=\"attachment-thumbnail size-thumbnail\" alt=\"\" srcset=\"https:\/\/dragonaluminumboats.com\/wp-content\/uploads\/2021\/03\/IMG_20201220_175526_8-150x150.jpg 150w, https:\/\/dragonaluminumboats.com\/wp-content\/uploads\/2021\/03\/IMG_20201220_175526_8-85x85.jpg 85w, https:\/\/dragonaluminumboats.com\/wp-content\/uploads\/2021\/03\/IMG_20201220_175526_8-80x80.jpg 80w\" sizes=\"auto, (max-width:767px) 150px, 150px\" \/><\/a>\n\t\t\t\t<\/dt><\/div><\/dl><dl class='gallery-item' data-title='IMG-20201202-WA0028' data-description=''><div class='gallery-item-wrapper'>\n\t\t\t\t<dt class='gallery-icon landscape'>\n\t\t\t\t\t<a href='https:\/\/dragonaluminumboats.com\/wp-content\/uploads\/2021\/03\/IMG-20201202-WA0028-1-scaled.jpg'><img loading=\"lazy\" decoding=\"async\" width=\"150\" height=\"150\" src=\"https:\/\/dragonaluminumboats.com\/wp-content\/uploads\/2021\/03\/IMG-20201202-WA0028-1-150x150.jpg\" class=\"attachment-thumbnail size-thumbnail\" alt=\"\" srcset=\"https:\/\/dragonaluminumboats.com\/wp-content\/uploads\/2021\/03\/IMG-20201202-WA0028-1-150x150.jpg 150w, https:\/\/dragonaluminumboats.com\/wp-content\/uploads\/2021\/03\/IMG-20201202-WA0028-1-85x85.jpg 85w, https:\/\/dragonaluminumboats.com\/wp-content\/uploads\/2021\/03\/IMG-20201202-WA0028-1-80x80.jpg 80w\" sizes=\"auto, (max-width:767px) 150px, 150px\" \/><\/a>\n\t\t\t\t<\/dt><\/div><\/dl><br style=\"clear: both\" \/>\n\t\t\t<\/div>\n\t\t<\/div>\n\t\t\t\t<\/div>\n\t\t\t\t\t<\/div>\n\t\t<\/div>\n\t\t\t\t\t\t\t<\/div>\n\t\t<\/section>\n\t\t\t\t\t\t\t<\/div>","protected":false},"excerpt":{"rendered":"<p>Dragon prikolice Kao posljednji korak u ovom savr\u0161enom stvaranju, predstavljamo Vam aluminijske prikolice koje u potpunosti odgovaraju Va\u0161em brodu, \u0161to materijalima, \u0161to izgledom. Boje se prilago\u0111avaju<span class=\"excerpt-hellip\"> [\u2026]<\/span><\/p>","protected":false},"author":1,"featured_media":0,"parent":0,"menu_order":0,"comment_status":"closed","ping_status":"closed","template":"","meta":{"footnotes":""},"class_list":["post-47","page","type-page","status-publish","hentry"],"yoast_head":"<!-- This site is optimized with the Yoast SEO plugin v20.13 - https:\/\/yoast.com\/wordpress\/plugins\/seo\/ -->\n<title>Prikolice &bull; DragonAluminumBoats.com<\/title>\n<meta name=\"robots\" content=\"index, follow, max-snippet:-1, max-image-preview:large, max-video-preview:-1\" \/>\n<link rel=\"canonical\" href=\"https:\/\/dragonaluminumboats.com\/en\/trailers\/\" \/>\n<meta property=\"og:locale\" content=\"en_GB\" \/>\n<meta property=\"og:type\" content=\"article\" \/>\n<meta property=\"og:title\" content=\"Prikolice &bull; DragonAluminumBoats.com\" \/>\n<meta property=\"og:description\" content=\"Dragon prikolice Kao posljednji korak u ovom savr\u0161enom stvaranju, predstavljamo Vam aluminijske prikolice koje u potpunosti odgovaraju Va\u0161em brodu, \u0161to materijalima, \u0161to izgledom. Boje se prilago\u0111avaju [\u2026]\" \/>\n<meta property=\"og:url\" content=\"https:\/\/dragonaluminumboats.com\/en\/trailers\/\" \/>\n<meta property=\"og:site_name\" content=\"DragonAluminumBoats.com\" \/>\n<meta property=\"article:modified_time\" content=\"2021-04-01T12:26:02+00:00\" \/>\n<meta property=\"og:image\" content=\"https:\/\/dragonaluminumboats.com\/wp-content\/uploads\/2021\/03\/WhatsApp-Image-2021-03-30-at-12.47.33-1-150x150.jpeg\" \/>\n<meta name=\"twitter:card\" content=\"summary_large_image\" \/>\n<meta name=\"twitter:label1\" content=\"Estimated reading time\" \/>\n\t<meta name=\"twitter:data1\" content=\"1 minute\" \/>\n<script type=\"application\/ld+json\" class=\"yoast-schema-graph\">{\"@context\":\"https:\/\/schema.org\",\"@graph\":[{\"@type\":\"WebPage\",\"@id\":\"https:\/\/dragonaluminumboats.com\/prikolice\/\",\"url\":\"https:\/\/dragonaluminumboats.com\/prikolice\/\",\"name\":\"Prikolice &bull; DragonAluminumBoats.com\",\"isPartOf\":{\"@id\":\"https:\/\/dragonaluminumboats.com\/#website\"},\"datePublished\":\"2020-09-24T17:04:31+00:00\",\"dateModified\":\"2021-04-01T12:26:02+00:00\",\"breadcrumb\":{\"@id\":\"https:\/\/dragonaluminumboats.com\/prikolice\/#breadcrumb\"},\"inLanguage\":\"en-GB\",\"potentialAction\":[{\"@type\":\"ReadAction\",\"target\":[\"https:\/\/dragonaluminumboats.com\/prikolice\/\"]}]},{\"@type\":\"BreadcrumbList\",\"@id\":\"https:\/\/dragonaluminumboats.com\/prikolice\/#breadcrumb\",\"itemListElement\":[{\"@type\":\"ListItem\",\"position\":1,\"name\":\"Po\u010detna stranica\",\"item\":\"https:\/\/dragonaluminumboats.com\/\"},{\"@type\":\"ListItem\",\"position\":2,\"name\":\"Prikolice\"}]},{\"@type\":\"WebSite\",\"@id\":\"https:\/\/dragonaluminumboats.com\/#website\",\"url\":\"https:\/\/dragonaluminumboats.com\/\",\"name\":\"DragonAluminumBoats.com\",\"description\":\"Aluminijski brodovi\",\"publisher\":{\"@id\":\"https:\/\/dragonaluminumboats.com\/#organization\"},\"potentialAction\":[{\"@type\":\"SearchAction\",\"target\":{\"@type\":\"EntryPoint\",\"urlTemplate\":\"https:\/\/dragonaluminumboats.com\/?s={search_term_string}\"},\"query-input\":\"required name=search_term_string\"}],\"inLanguage\":\"en-GB\"},{\"@type\":\"Organization\",\"@id\":\"https:\/\/dragonaluminumboats.com\/#organization\",\"name\":\"Dragon Aluminum Boats\",\"url\":\"https:\/\/dragonaluminumboats.com\/\",\"logo\":{\"@type\":\"ImageObject\",\"inLanguage\":\"en-GB\",\"@id\":\"https:\/\/dragonaluminumboats.com\/#\/schema\/logo\/image\/\",\"url\":\"https:\/\/dragonaluminumboats.com\/wp-content\/uploads\/2021\/03\/logo-web-3.png\",\"contentUrl\":\"https:\/\/dragonaluminumboats.com\/wp-content\/uploads\/2021\/03\/logo-web-3.png\",\"width\":600,\"height\":71,\"caption\":\"Dragon Aluminum Boats\"},\"image\":{\"@id\":\"https:\/\/dragonaluminumboats.com\/#\/schema\/logo\/image\/\"}}]}<\/script>\n<!-- \/ Yoast SEO plugin. -->","yoast_head_json":{"title":"Prikolice &bull; DragonAluminumBoats.com","robots":{"index":"index","follow":"follow","max-snippet":"max-snippet:-1","max-image-preview":"max-image-preview:large","max-video-preview":"max-video-preview:-1"},"canonical":"https:\/\/dragonaluminumboats.com\/en\/trailers\/","og_locale":"en_GB","og_type":"article","og_title":"Prikolice &bull; DragonAluminumBoats.com","og_description":"Dragon prikolice Kao posljednji korak u ovom savr\u0161enom stvaranju, predstavljamo Vam aluminijske prikolice koje u potpunosti odgovaraju Va\u0161em brodu, \u0161to materijalima, \u0161to izgledom. Boje se prilago\u0111avaju [\u2026]","og_url":"https:\/\/dragonaluminumboats.com\/en\/trailers\/","og_site_name":"DragonAluminumBoats.com","article_modified_time":"2021-04-01T12:26:02+00:00","og_image":[{"url":"https:\/\/dragonaluminumboats.com\/wp-content\/uploads\/2021\/03\/WhatsApp-Image-2021-03-30-at-12.47.33-1-150x150.jpeg"}],"twitter_card":"summary_large_image","twitter_misc":{"Estimated reading time":"1 minute"},"schema":{"@context":"https:\/\/schema.org","@graph":[{"@type":"WebPage","@id":"https:\/\/dragonaluminumboats.com\/prikolice\/","url":"https:\/\/dragonaluminumboats.com\/prikolice\/","name":"Prikolice &bull; DragonAluminumBoats.com","isPartOf":{"@id":"https:\/\/dragonaluminumboats.com\/#website"},"datePublished":"2020-09-24T17:04:31+00:00","dateModified":"2021-04-01T12:26:02+00:00","breadcrumb":{"@id":"https:\/\/dragonaluminumboats.com\/prikolice\/#breadcrumb"},"inLanguage":"en-GB","potentialAction":[{"@type":"ReadAction","target":["https:\/\/dragonaluminumboats.com\/prikolice\/"]}]},{"@type":"BreadcrumbList","@id":"https:\/\/dragonaluminumboats.com\/prikolice\/#breadcrumb","itemListElement":[{"@type":"ListItem","position":1,"name":"Po\u010detna stranica","item":"https:\/\/dragonaluminumboats.com\/"},{"@type":"ListItem","position":2,"name":"Prikolice"}]},{"@type":"WebSite","@id":"https:\/\/dragonaluminumboats.com\/#website","url":"https:\/\/dragonaluminumboats.com\/","name":"DragonAluminumBoats.com","description":"Aluminijski brodovi","publisher":{"@id":"https:\/\/dragonaluminumboats.com\/#organization"},"potentialAction":[{"@type":"SearchAction","target":{"@type":"EntryPoint","urlTemplate":"https:\/\/dragonaluminumboats.com\/?s={search_term_string}"},"query-input":"required name=search_term_string"}],"inLanguage":"en-GB"},{"@type":"Organization","@id":"https:\/\/dragonaluminumboats.com\/#organization","name":"Dragon Aluminum Boats","url":"https:\/\/dragonaluminumboats.com\/","logo":{"@type":"ImageObject","inLanguage":"en-GB","@id":"https:\/\/dragonaluminumboats.com\/#\/schema\/logo\/image\/","url":"https:\/\/dragonaluminumboats.com\/wp-content\/uploads\/2021\/03\/logo-web-3.png","contentUrl":"https:\/\/dragonaluminumboats.com\/wp-content\/uploads\/2021\/03\/logo-web-3.png","width":600,"height":71,"caption":"Dragon Aluminum Boats"},"image":{"@id":"https:\/\/dragonaluminumboats.com\/#\/schema\/logo\/image\/"}}]}},"_links":{"self":[{"href":"https:\/\/dragonaluminumboats.com\/en\/wp-json\/wp\/v2\/pages\/47","targetHints":{"allow":["GET"]}}],"collection":[{"href":"https:\/\/dragonaluminumboats.com\/en\/wp-json\/wp\/v2\/pages"}],"about":[{"href":"https:\/\/dragonaluminumboats.com\/en\/wp-json\/wp\/v2\/types\/page"}],"author":[{"embeddable":true,"href":"https:\/\/dragonaluminumboats.com\/en\/wp-json\/wp\/v2\/users\/1"}],"replies":[{"embeddable":true,"href":"https:\/\/dragonaluminumboats.com\/en\/wp-json\/wp\/v2\/comments?post=47"}],"version-history":[{"count":88,"href":"https:\/\/dragonaluminumboats.com\/en\/wp-json\/wp\/v2\/pages\/47\/revisions"}],"predecessor-version":[{"id":2114,"href":"https:\/\/dragonaluminumboats.com\/en\/wp-json\/wp\/v2\/pages\/47\/revisions\/2114"}],"wp:attachment":[{"href":"https:\/\/dragonaluminumboats.com\/en\/wp-json\/wp\/v2\/media?parent=47"}],"curies":[{"name":"wp","href":"https:\/\/api.w.org\/{rel}","templated":true}]}}