{"id":45,"date":"2020-09-24T19:04:18","date_gmt":"2020-09-24T17:04:18","guid":{"rendered":"https:\/\/mydev.h2g.pl\/be\/leasing\/?page_id=45"},"modified":"2021-06-29T19:46:50","modified_gmt":"2021-06-29T17:46:50","slug":"o-nama","status":"publish","type":"page","link":"https:\/\/dragonaluminumboats.com\/en\/about-us\/","title":{"rendered":"ABOUT US"},"content":{"rendered":"<div data-elementor-type=\"wp-page\" data-elementor-id=\"45\" class=\"elementor elementor-45\" data-elementor-post-type=\"page\">\n\t\t\t\t\t\t\t\t\t<section class=\"has_ma_el_bg_slider elementor-section elementor-top-section elementor-element elementor-element-d4be5e6 elementor-section-stretched elementor-section-boxed elementor-section-height-default elementor-section-height-default jltma-glass-effect-no\" data-id=\"d4be5e6\" data-element_type=\"section\" id=\"more\" data-settings=\"{&quot;stretch_section&quot;:&quot;section-stretched&quot;,&quot;background_background&quot;:&quot;classic&quot;}\">\n\t\t\t\t\t\t<div class=\"elementor-container elementor-column-gap-wider\">\n\t\t\t\t\t<div class=\"has_ma_el_bg_slider elementor-column elementor-col-50 elementor-top-column elementor-element elementor-element-8ec4ba6 jltma-glass-effect-no\" data-id=\"8ec4ba6\" data-element_type=\"column\">\n\t\t\t<div class=\"elementor-widget-wrap elementor-element-populated\">\n\t\t\t\t\t\t\t\t<div class=\"elementor-element elementor-element-d2630f3 jltma-glass-effect-no elementor-widget elementor-widget-spacer\" data-id=\"d2630f3\" data-element_type=\"widget\" data-widget_type=\"spacer.default\">\n\t\t\t\t<div class=\"elementor-widget-container\">\n\t\t\t\t\t<div class=\"elementor-spacer\">\n\t\t\t<div class=\"elementor-spacer-inner\"><\/div>\n\t\t<\/div>\n\t\t\t\t<\/div>\n\t\t\t\t<\/div>\n\t\t\t\t<div class=\"elementor-element elementor-element-5510b04 jltma-glass-effect-no elementor-widget elementor-widget-text-editor\" data-id=\"5510b04\" data-element_type=\"widget\" data-widget_type=\"text-editor.default\">\n\t\t\t\t<div class=\"elementor-widget-container\">\n\t\t\t\t\t\t\t<h3>WHO ARE WE?<\/h3><div>\u00a0<\/div><p>Located in Croatia\u2019s capital city - Zagreb, for 26 years now Metal Pezelj has been present on the tool and spare parts market on the territory of the European Union Member States serving various industries.  Striving toward top quality and constantly monitoring the market made it possible for us to become a renowned company whose name is now a certificate and a guarantee of quality. Staffed with 2 engineers and 25 master workers, two of whom are certified specialised welders, and equipped with a machine pool, we are able to meet the needs of the most demanding buyers in this industry.<\/p>\t\t\t\t\t\t<\/div>\n\t\t\t\t<\/div>\n\t\t\t\t<div class=\"elementor-element elementor-element-4634ed0 jltma-glass-effect-no elementor-widget elementor-widget-image\" data-id=\"4634ed0\" data-element_type=\"widget\" data-widget_type=\"image.default\">\n\t\t\t\t<div class=\"elementor-widget-container\">\n\t\t\t\t\t\t\t\t\t\t\t\t\t\t\t<img loading=\"lazy\" decoding=\"async\" width=\"1024\" height=\"681\" src=\"https:\/\/dragonaluminumboats.com\/wp-content\/uploads\/2021\/03\/3-13-of-24-1024x681.jpg\" class=\"attachment-large size-large wp-image-1294\" alt=\"\" srcset=\"https:\/\/dragonaluminumboats.com\/wp-content\/uploads\/2021\/03\/3-13-of-24-1024x681.jpg 1024w, https:\/\/dragonaluminumboats.com\/wp-content\/uploads\/2021\/03\/3-13-of-24-300x199.jpg 300w, https:\/\/dragonaluminumboats.com\/wp-content\/uploads\/2021\/03\/3-13-of-24-768x511.jpg 768w, https:\/\/dragonaluminumboats.com\/wp-content\/uploads\/2021\/03\/3-13-of-24-1536x1021.jpg 1536w, https:\/\/dragonaluminumboats.com\/wp-content\/uploads\/2021\/03\/3-13-of-24-2048x1362.jpg 2048w, https:\/\/dragonaluminumboats.com\/wp-content\/uploads\/2021\/03\/3-13-of-24-220x146.jpg 220w, https:\/\/dragonaluminumboats.com\/wp-content\/uploads\/2021\/03\/3-13-of-24-50x33.jpg 50w, https:\/\/dragonaluminumboats.com\/wp-content\/uploads\/2021\/03\/3-13-of-24-113x75.jpg 113w\" sizes=\"auto, (max-width:767px) 480px, (max-width:1024px) 100vw, 1024px\" \/>\t\t\t\t\t\t\t\t\t\t\t\t\t\t\t<\/div>\n\t\t\t\t<\/div>\n\t\t\t\t\t<\/div>\n\t\t<\/div>\n\t\t\t\t<div class=\"has_ma_el_bg_slider elementor-column elementor-col-50 elementor-top-column elementor-element elementor-element-85495bb jltma-glass-effect-no\" data-id=\"85495bb\" data-element_type=\"column\">\n\t\t\t<div class=\"elementor-widget-wrap elementor-element-populated\">\n\t\t\t\t\t\t\t\t<div class=\"elementor-element elementor-element-9eb62a1 jltma-glass-effect-no elementor-widget elementor-widget-text-editor\" data-id=\"9eb62a1\" data-element_type=\"widget\" data-widget_type=\"text-editor.default\">\n\t\t\t\t<div class=\"elementor-widget-container\">\n\t\t\t\t\t\t\t<h3>WHAT DO WE DO?<\/h3><div>\u00a0<\/div><p>Manufacture is based on working metal and other materials using modern machinery such as CNC lathes, CNC milling machines, CNC spark erosion machines, circular, planar and profile grinding machines and classic grinding machines and lathes up to 3 metres. We also own a professional welding machine \u201cLincoln Electric\u201d and presses ranging from 15 to 125 t. CNC machines are programmed using CAM software solutions \u201cSolidCAM\u201d, while the construction, modelling and preparation of technical documentation are carried out with the support of the latest CAD software \u201cSolidworks\u201d. Striving toward top quality and constantly monitoring the market made it possible for us to become a renowned company whose name is now a certificate and a guarantee of quality.<\/p><p>\u00a0<\/p>\t\t\t\t\t\t<\/div>\n\t\t\t\t<\/div>\n\t\t\t\t<div class=\"elementor-element elementor-element-21bde28 jltma-glass-effect-no elementor-widget elementor-widget-image\" data-id=\"21bde28\" data-element_type=\"widget\" data-widget_type=\"image.default\">\n\t\t\t\t<div class=\"elementor-widget-container\">\n\t\t\t\t\t\t\t\t\t\t\t\t\t\t\t<img loading=\"lazy\" decoding=\"async\" width=\"600\" height=\"399\" src=\"https:\/\/dragonaluminumboats.com\/wp-content\/uploads\/2021\/03\/apertura.jpg\" class=\"attachment-large size-large wp-image-1290\" alt=\"\" srcset=\"https:\/\/dragonaluminumboats.com\/wp-content\/uploads\/2021\/03\/apertura.jpg 600w, https:\/\/dragonaluminumboats.com\/wp-content\/uploads\/2021\/03\/apertura-300x200.jpg 300w, https:\/\/dragonaluminumboats.com\/wp-content\/uploads\/2021\/03\/apertura-220x146.jpg 220w, https:\/\/dragonaluminumboats.com\/wp-content\/uploads\/2021\/03\/apertura-50x33.jpg 50w, https:\/\/dragonaluminumboats.com\/wp-content\/uploads\/2021\/03\/apertura-113x75.jpg 113w\" sizes=\"auto, (max-width:767px) 480px, 600px\" \/>\t\t\t\t\t\t\t\t\t\t\t\t\t\t\t<\/div>\n\t\t\t\t<\/div>\n\t\t\t\t\t<\/div>\n\t\t<\/div>\n\t\t\t\t\t\t\t<\/div>\n\t\t<\/section>\n\t\t\t\t\t\t\t<\/div>","protected":false},"excerpt":{"rendered":"<p>TKO SMO MI? \u00a0 Metal Pezelj je obrt koji se nalazi u Zagrebu, glavnom gradu Republike Hrvatske, te je ve\u0107 26 godina prisutan na tr\u017ei\u0161tu proizvo\u0111a\u010da<span class=\"excerpt-hellip\"> [\u2026]<\/span><\/p>","protected":false},"author":1,"featured_media":0,"parent":0,"menu_order":0,"comment_status":"closed","ping_status":"closed","template":"","meta":{"footnotes":""},"class_list":["post-45","page","type-page","status-publish","hentry"],"yoast_head":"<!-- This site is optimized with the Yoast SEO plugin v20.13 - https:\/\/yoast.com\/wordpress\/plugins\/seo\/ -->\n<title>O NAMA &bull; DragonAluminumBoats.com<\/title>\n<meta name=\"robots\" content=\"index, follow, max-snippet:-1, max-image-preview:large, max-video-preview:-1\" \/>\n<link rel=\"canonical\" href=\"https:\/\/dragonaluminumboats.com\/en\/about-us\/\" \/>\n<meta property=\"og:locale\" content=\"en_GB\" \/>\n<meta property=\"og:type\" content=\"article\" \/>\n<meta property=\"og:title\" content=\"O NAMA &bull; DragonAluminumBoats.com\" \/>\n<meta property=\"og:description\" content=\"TKO SMO MI? \u00a0 Metal Pezelj je obrt koji se nalazi u Zagrebu, glavnom gradu Republike Hrvatske, te je ve\u0107 26 godina prisutan na tr\u017ei\u0161tu proizvo\u0111a\u010da [\u2026]\" \/>\n<meta property=\"og:url\" content=\"https:\/\/dragonaluminumboats.com\/en\/about-us\/\" \/>\n<meta property=\"og:site_name\" content=\"DragonAluminumBoats.com\" \/>\n<meta property=\"article:modified_time\" content=\"2021-06-29T17:46:50+00:00\" \/>\n<meta property=\"og:image\" content=\"https:\/\/dragonaluminumboats.com\/wp-content\/uploads\/2021\/03\/3-13-of-24-1024x681.jpg\" \/>\n<meta name=\"twitter:card\" content=\"summary_large_image\" \/>\n<meta name=\"twitter:label1\" content=\"Estimated reading time\" \/>\n\t<meta name=\"twitter:data1\" content=\"2 minutes\" \/>\n<script type=\"application\/ld+json\" class=\"yoast-schema-graph\">{\"@context\":\"https:\/\/schema.org\",\"@graph\":[{\"@type\":\"WebPage\",\"@id\":\"https:\/\/dragonaluminumboats.com\/o-nama\/\",\"url\":\"https:\/\/dragonaluminumboats.com\/o-nama\/\",\"name\":\"O NAMA &bull; DragonAluminumBoats.com\",\"isPartOf\":{\"@id\":\"https:\/\/dragonaluminumboats.com\/#website\"},\"datePublished\":\"2020-09-24T17:04:18+00:00\",\"dateModified\":\"2021-06-29T17:46:50+00:00\",\"breadcrumb\":{\"@id\":\"https:\/\/dragonaluminumboats.com\/o-nama\/#breadcrumb\"},\"inLanguage\":\"en-GB\",\"potentialAction\":[{\"@type\":\"ReadAction\",\"target\":[\"https:\/\/dragonaluminumboats.com\/o-nama\/\"]}]},{\"@type\":\"BreadcrumbList\",\"@id\":\"https:\/\/dragonaluminumboats.com\/o-nama\/#breadcrumb\",\"itemListElement\":[{\"@type\":\"ListItem\",\"position\":1,\"name\":\"Po\u010detna stranica\",\"item\":\"https:\/\/dragonaluminumboats.com\/\"},{\"@type\":\"ListItem\",\"position\":2,\"name\":\"O NAMA\"}]},{\"@type\":\"WebSite\",\"@id\":\"https:\/\/dragonaluminumboats.com\/#website\",\"url\":\"https:\/\/dragonaluminumboats.com\/\",\"name\":\"DragonAluminumBoats.com\",\"description\":\"Aluminijski brodovi\",\"publisher\":{\"@id\":\"https:\/\/dragonaluminumboats.com\/#organization\"},\"potentialAction\":[{\"@type\":\"SearchAction\",\"target\":{\"@type\":\"EntryPoint\",\"urlTemplate\":\"https:\/\/dragonaluminumboats.com\/?s={search_term_string}\"},\"query-input\":\"required name=search_term_string\"}],\"inLanguage\":\"en-GB\"},{\"@type\":\"Organization\",\"@id\":\"https:\/\/dragonaluminumboats.com\/#organization\",\"name\":\"Dragon Aluminum Boats\",\"url\":\"https:\/\/dragonaluminumboats.com\/\",\"logo\":{\"@type\":\"ImageObject\",\"inLanguage\":\"en-GB\",\"@id\":\"https:\/\/dragonaluminumboats.com\/#\/schema\/logo\/image\/\",\"url\":\"https:\/\/dragonaluminumboats.com\/wp-content\/uploads\/2021\/03\/logo-web-3.png\",\"contentUrl\":\"https:\/\/dragonaluminumboats.com\/wp-content\/uploads\/2021\/03\/logo-web-3.png\",\"width\":600,\"height\":71,\"caption\":\"Dragon Aluminum Boats\"},\"image\":{\"@id\":\"https:\/\/dragonaluminumboats.com\/#\/schema\/logo\/image\/\"}}]}<\/script>\n<!-- \/ Yoast SEO plugin. -->","yoast_head_json":{"title":"O NAMA &bull; DragonAluminumBoats.com","robots":{"index":"index","follow":"follow","max-snippet":"max-snippet:-1","max-image-preview":"max-image-preview:large","max-video-preview":"max-video-preview:-1"},"canonical":"https:\/\/dragonaluminumboats.com\/en\/about-us\/","og_locale":"en_GB","og_type":"article","og_title":"O NAMA &bull; DragonAluminumBoats.com","og_description":"TKO SMO MI? \u00a0 Metal Pezelj je obrt koji se nalazi u Zagrebu, glavnom gradu Republike Hrvatske, te je ve\u0107 26 godina prisutan na tr\u017ei\u0161tu proizvo\u0111a\u010da [\u2026]","og_url":"https:\/\/dragonaluminumboats.com\/en\/about-us\/","og_site_name":"DragonAluminumBoats.com","article_modified_time":"2021-06-29T17:46:50+00:00","og_image":[{"url":"https:\/\/dragonaluminumboats.com\/wp-content\/uploads\/2021\/03\/3-13-of-24-1024x681.jpg"}],"twitter_card":"summary_large_image","twitter_misc":{"Estimated reading time":"2 minutes"},"schema":{"@context":"https:\/\/schema.org","@graph":[{"@type":"WebPage","@id":"https:\/\/dragonaluminumboats.com\/o-nama\/","url":"https:\/\/dragonaluminumboats.com\/o-nama\/","name":"O NAMA &bull; DragonAluminumBoats.com","isPartOf":{"@id":"https:\/\/dragonaluminumboats.com\/#website"},"datePublished":"2020-09-24T17:04:18+00:00","dateModified":"2021-06-29T17:46:50+00:00","breadcrumb":{"@id":"https:\/\/dragonaluminumboats.com\/o-nama\/#breadcrumb"},"inLanguage":"en-GB","potentialAction":[{"@type":"ReadAction","target":["https:\/\/dragonaluminumboats.com\/o-nama\/"]}]},{"@type":"BreadcrumbList","@id":"https:\/\/dragonaluminumboats.com\/o-nama\/#breadcrumb","itemListElement":[{"@type":"ListItem","position":1,"name":"Po\u010detna stranica","item":"https:\/\/dragonaluminumboats.com\/"},{"@type":"ListItem","position":2,"name":"O NAMA"}]},{"@type":"WebSite","@id":"https:\/\/dragonaluminumboats.com\/#website","url":"https:\/\/dragonaluminumboats.com\/","name":"DragonAluminumBoats.com","description":"Aluminijski brodovi","publisher":{"@id":"https:\/\/dragonaluminumboats.com\/#organization"},"potentialAction":[{"@type":"SearchAction","target":{"@type":"EntryPoint","urlTemplate":"https:\/\/dragonaluminumboats.com\/?s={search_term_string}"},"query-input":"required name=search_term_string"}],"inLanguage":"en-GB"},{"@type":"Organization","@id":"https:\/\/dragonaluminumboats.com\/#organization","name":"Dragon Aluminum Boats","url":"https:\/\/dragonaluminumboats.com\/","logo":{"@type":"ImageObject","inLanguage":"en-GB","@id":"https:\/\/dragonaluminumboats.com\/#\/schema\/logo\/image\/","url":"https:\/\/dragonaluminumboats.com\/wp-content\/uploads\/2021\/03\/logo-web-3.png","contentUrl":"https:\/\/dragonaluminumboats.com\/wp-content\/uploads\/2021\/03\/logo-web-3.png","width":600,"height":71,"caption":"Dragon Aluminum Boats"},"image":{"@id":"https:\/\/dragonaluminumboats.com\/#\/schema\/logo\/image\/"}}]}},"_links":{"self":[{"href":"https:\/\/dragonaluminumboats.com\/en\/wp-json\/wp\/v2\/pages\/45","targetHints":{"allow":["GET"]}}],"collection":[{"href":"https:\/\/dragonaluminumboats.com\/en\/wp-json\/wp\/v2\/pages"}],"about":[{"href":"https:\/\/dragonaluminumboats.com\/en\/wp-json\/wp\/v2\/types\/page"}],"author":[{"embeddable":true,"href":"https:\/\/dragonaluminumboats.com\/en\/wp-json\/wp\/v2\/users\/1"}],"replies":[{"embeddable":true,"href":"https:\/\/dragonaluminumboats.com\/en\/wp-json\/wp\/v2\/comments?post=45"}],"version-history":[{"count":264,"href":"https:\/\/dragonaluminumboats.com\/en\/wp-json\/wp\/v2\/pages\/45\/revisions"}],"predecessor-version":[{"id":3258,"href":"https:\/\/dragonaluminumboats.com\/en\/wp-json\/wp\/v2\/pages\/45\/revisions\/3258"}],"wp:attachment":[{"href":"https:\/\/dragonaluminumboats.com\/en\/wp-json\/wp\/v2\/media?parent=45"}],"curies":[{"name":"wp","href":"https:\/\/api.w.org\/{rel}","templated":true}]}}