{"id":6,"date":"2020-09-24T16:11:35","date_gmt":"2020-09-24T14:11:35","guid":{"rendered":"https:\/\/mydev.h2g.pl\/be\/leasing\/?page_id=6"},"modified":"2021-09-09T22:27:53","modified_gmt":"2021-09-09T20:27:53","slug":"naslovnica","status":"publish","type":"page","link":"https:\/\/dragonaluminumboats.com\/de\/","title":{"rendered":"Naslovnica"},"content":{"rendered":"<div data-elementor-type=\"wp-page\" data-elementor-id=\"6\" class=\"elementor elementor-6\" data-elementor-post-type=\"page\">\n\t\t\t\t\t\t\t\t\t<section class=\"has_ma_el_bg_slider elementor-section elementor-top-section elementor-element elementor-element-b76ac25 elementor-section-stretched elementor-section-boxed elementor-section-height-default elementor-section-height-default jltma-glass-effect-no\" data-id=\"b76ac25\" data-element_type=\"section\" data-settings=\"{&quot;stretch_section&quot;:&quot;section-stretched&quot;,&quot;background_background&quot;:&quot;classic&quot;}\">\n\t\t\t\t\t\t<div class=\"elementor-container elementor-column-gap-wider\">\n\t\t\t\t\t<div class=\"has_ma_el_bg_slider elementor-column elementor-col-100 elementor-top-column elementor-element elementor-element-3b06c3c jltma-glass-effect-no\" data-id=\"3b06c3c\" data-element_type=\"column\">\n\t\t\t<div class=\"elementor-widget-wrap elementor-element-populated\">\n\t\t\t\t\t\t\t\t<div class=\"elementor-element elementor-element-62e66bd jltma-glass-effect-no elementor-widget elementor-widget-text-editor\" data-id=\"62e66bd\" data-element_type=\"widget\" data-widget_type=\"text-editor.default\">\n\t\t\t\t<div class=\"elementor-widget-container\">\n\t\t\t\t\t\t\t<p><span style=\"color: #ffffff;\">Dragon Aluminum Boats<\/span><\/p><h1><span style=\"color: #ffffff;\">Herzlich willkommen!<\/span><\/h1>\t\t\t\t\t\t<\/div>\n\t\t\t\t<\/div>\n\t\t\t\t\t<\/div>\n\t\t<\/div>\n\t\t\t\t\t\t\t<\/div>\n\t\t<\/section>\n\t\t\t\t<section class=\"has_ma_el_bg_slider elementor-section elementor-top-section elementor-element elementor-element-13d5b93 elementor-section-stretched elementor-section-boxed elementor-section-height-default elementor-section-height-default jltma-glass-effect-no\" data-id=\"13d5b93\" data-element_type=\"section\" data-settings=\"{&quot;stretch_section&quot;:&quot;section-stretched&quot;,&quot;background_background&quot;:&quot;classic&quot;}\">\n\t\t\t\t\t\t<div class=\"elementor-container elementor-column-gap-wider\">\n\t\t\t\t\t<div class=\"has_ma_el_bg_slider elementor-column elementor-col-50 elementor-top-column elementor-element elementor-element-017a6e2 jltma-glass-effect-no\" data-id=\"017a6e2\" data-element_type=\"column\">\n\t\t\t<div class=\"elementor-widget-wrap elementor-element-populated\">\n\t\t\t\t\t\t\t\t<div class=\"elementor-element elementor-element-138fef4 jltma-glass-effect-no elementor-widget elementor-widget-text-editor\" data-id=\"138fef4\" data-element_type=\"widget\" data-widget_type=\"text-editor.default\">\n\t\t\t\t<div class=\"elementor-widget-container\">\n\t\t\t\t\t\t\t<div><p style=\"text-align: justify;\"><span style=\"color: #ffffff;\">Es ist ein gro\u00dfes Privileg und eine ausnehmende Freude, beruflich das zu machen, was man liebt. Genau auf dieser Grundlage wurde die Firma \u201eMetal Pezelj\u201c gegr\u00fcndet und auf solchen Fundamenten wird sie immer noch betrieben. Wir sind gro\u00dfe Enthusiasten, Fans des Angelsports und von Booten, aber um die Erfahrung wiederholbar und vollst\u00e4ndig zu machen, sind wir auch Liebhaber der Zeit, die man in der Natur, in der Ruhe und in Geselligkeit verbringt. Dies erfordert eine angemessene Ausr\u00fcstung sowie deren \u00dcbereinstimmung mit entsprechenden Normen und Regeln, wie auch die Implementierung. Wenn man alles dies erreicht, bekommt man vollst\u00e4ndige, intensive und langfristige Zufriedenheit, was und die gr\u00f6\u00dfte Erf\u00fcllung bereitet und Genugtuung bedeutet. Die langj\u00e4hrige Erfahrung, das gesammelte Wissen sowie die Sachkenntnis und verschiedene Schulungen, aber auch die Leidenschaft f\u00fcr die Arbeit, die wir machen, erm\u00f6glichen es uns, unsere Erkenntnisse in die Tat umzusetzen, um Ergebnisse zu schaffen, die wir uns alle zur gegenseitigen Zufriedenheit unserer Kunden und uns pers\u00f6nlich w\u00fcnschen. Unser Unternehmen hat sich in zwei grundlegende Richtungen entwickelt und spezialisiert. Die erste Richtung ist die CNC-Metallbearbeitung, und die zweite entstand im Laufe der Zeit und aufgrund der technologischen Entwicklung aus der ersten Richtung heraus, n\u00e4mlich die Schiffs- und Bootsproduktion. Bei uns bedeutet dies einen kompletten Service: Beratung, Planung und Bau einer Vielzahl von verschiedener Boote. Als zertifizierter T\u00dcV-Partner hat sich unser Team zusammen mit unseren Subunternehmern und externen Mitarbeitern bereits in den anspruchsvollsten Projekten dieser Art bew\u00e4hrt. Unser Team von Fachleuten wird alle Ihre Anfragen professionell beantworten.<br \/><\/span><\/p><\/div><p>spektrum<\/p>\t\t\t\t\t\t<\/div>\n\t\t\t\t<\/div>\n\t\t\t\t<div class=\"elementor-element elementor-element-0c13fd6 elementor-align-left jltma-glass-effect-no elementor-widget elementor-widget-button\" data-id=\"0c13fd6\" data-element_type=\"widget\" data-widget_type=\"button.default\">\n\t\t\t\t<div class=\"elementor-widget-container\">\n\t\t\t\t\t<div class=\"elementor-button-wrapper\">\n\t\t\t<a class=\"elementor-button elementor-button-link elementor-size-md\" href=\"https:\/\/dragonaluminumboats.com\/de\/ueber-uns\/\">\n\t\t\t\t\t\t<span class=\"elementor-button-content-wrapper\">\n\t\t\t\t\t\t<span class=\"elementor-button-text\">Lesen Sie mehr \u00fcber uns<\/span>\n\t\t<\/span>\n\t\t\t\t\t<\/a>\n\t\t<\/div>\n\t\t\t\t<\/div>\n\t\t\t\t<\/div>\n\t\t\t\t\t<\/div>\n\t\t<\/div>\n\t\t\t\t<div class=\"has_ma_el_bg_slider elementor-column elementor-col-50 elementor-top-column elementor-element elementor-element-1defcb4 jltma-glass-effect-no\" data-id=\"1defcb4\" data-element_type=\"column\">\n\t\t\t<div class=\"elementor-widget-wrap elementor-element-populated\">\n\t\t\t\t\t\t\t\t<div class=\"elementor-element elementor-element-3237a9b jltma-glass-effect-no elementor-widget elementor-widget-image\" data-id=\"3237a9b\" data-element_type=\"widget\" data-widget_type=\"image.default\">\n\t\t\t\t<div class=\"elementor-widget-container\">\n\t\t\t\t\t\t\t\t\t\t\t\t\t\t\t<img loading=\"lazy\" decoding=\"async\" width=\"1024\" height=\"768\" src=\"https:\/\/dragonaluminumboats.com\/wp-content\/uploads\/2021\/04\/20210405_191109-1024x768.jpg\" class=\"attachment-large size-large wp-image-2149\" alt=\"\" srcset=\"https:\/\/dragonaluminumboats.com\/wp-content\/uploads\/2021\/04\/20210405_191109-1024x768.jpg 1024w, https:\/\/dragonaluminumboats.com\/wp-content\/uploads\/2021\/04\/20210405_191109-300x225.jpg 300w, https:\/\/dragonaluminumboats.com\/wp-content\/uploads\/2021\/04\/20210405_191109-768x576.jpg 768w, https:\/\/dragonaluminumboats.com\/wp-content\/uploads\/2021\/04\/20210405_191109-1536x1152.jpg 1536w, https:\/\/dragonaluminumboats.com\/wp-content\/uploads\/2021\/04\/20210405_191109-2048x1536.jpg 2048w, https:\/\/dragonaluminumboats.com\/wp-content\/uploads\/2021\/04\/20210405_191109-195x146.jpg 195w, https:\/\/dragonaluminumboats.com\/wp-content\/uploads\/2021\/04\/20210405_191109-50x38.jpg 50w, https:\/\/dragonaluminumboats.com\/wp-content\/uploads\/2021\/04\/20210405_191109-100x75.jpg 100w, https:\/\/dragonaluminumboats.com\/wp-content\/uploads\/2021\/04\/20210405_191109-960x720.jpg 960w\" sizes=\"auto, (max-width:767px) 480px, (max-width:1024px) 100vw, 1024px\" \/>\t\t\t\t\t\t\t\t\t\t\t\t\t\t\t<\/div>\n\t\t\t\t<\/div>\n\t\t\t\t\t<\/div>\n\t\t<\/div>\n\t\t\t\t\t\t\t<\/div>\n\t\t<\/section>\n\t\t\t\t<section class=\"has_ma_el_bg_slider elementor-section elementor-top-section elementor-element elementor-element-2e46270 elementor-section-stretched elementor-section-boxed elementor-section-height-default elementor-section-height-default jltma-glass-effect-no\" data-id=\"2e46270\" data-element_type=\"section\" data-settings=\"{&quot;stretch_section&quot;:&quot;section-stretched&quot;,&quot;background_background&quot;:&quot;classic&quot;}\">\n\t\t\t\t\t\t<div class=\"elementor-container elementor-column-gap-wider\">\n\t\t\t\t\t<div class=\"has_ma_el_bg_slider elementor-column elementor-col-33 elementor-top-column elementor-element elementor-element-5b2041b jltma-glass-effect-no\" data-id=\"5b2041b\" data-element_type=\"column\">\n\t\t\t<div class=\"elementor-widget-wrap elementor-element-populated\">\n\t\t\t\t\t\t\t\t<div class=\"elementor-element elementor-element-d1faf2d jltma-glass-effect-no elementor-widget elementor-widget-image\" data-id=\"d1faf2d\" data-element_type=\"widget\" data-widget_type=\"image.default\">\n\t\t\t\t<div class=\"elementor-widget-container\">\n\t\t\t\t\t\t\t\t\t\t\t\t\t\t\t<img loading=\"lazy\" decoding=\"async\" width=\"768\" height=\"512\" src=\"https:\/\/dragonaluminumboats.com\/wp-content\/uploads\/2021\/08\/camo-fishing-boat-with-electric-trolling-motor-and-steering-console-1-768x512.jpg\" class=\"attachment-medium_large size-medium_large wp-image-3340\" alt=\"\" srcset=\"https:\/\/dragonaluminumboats.com\/wp-content\/uploads\/2021\/08\/camo-fishing-boat-with-electric-trolling-motor-and-steering-console-1-768x512.jpg 768w, https:\/\/dragonaluminumboats.com\/wp-content\/uploads\/2021\/08\/camo-fishing-boat-with-electric-trolling-motor-and-steering-console-1-300x200.jpg 300w, https:\/\/dragonaluminumboats.com\/wp-content\/uploads\/2021\/08\/camo-fishing-boat-with-electric-trolling-motor-and-steering-console-1-1024x683.jpg 1024w, https:\/\/dragonaluminumboats.com\/wp-content\/uploads\/2021\/08\/camo-fishing-boat-with-electric-trolling-motor-and-steering-console-1-1536x1024.jpg 1536w, https:\/\/dragonaluminumboats.com\/wp-content\/uploads\/2021\/08\/camo-fishing-boat-with-electric-trolling-motor-and-steering-console-1-2048x1366.jpg 2048w, https:\/\/dragonaluminumboats.com\/wp-content\/uploads\/2021\/08\/camo-fishing-boat-with-electric-trolling-motor-and-steering-console-1-16x12.jpg 16w, https:\/\/dragonaluminumboats.com\/wp-content\/uploads\/2021\/08\/camo-fishing-boat-with-electric-trolling-motor-and-steering-console-1-219x146.jpg 219w, https:\/\/dragonaluminumboats.com\/wp-content\/uploads\/2021\/08\/camo-fishing-boat-with-electric-trolling-motor-and-steering-console-1-50x33.jpg 50w, https:\/\/dragonaluminumboats.com\/wp-content\/uploads\/2021\/08\/camo-fishing-boat-with-electric-trolling-motor-and-steering-console-1-112x75.jpg 112w\" sizes=\"auto, (max-width:767px) 480px, (max-width:768px) 100vw, 768px\" \/>\t\t\t\t\t\t\t\t\t\t\t\t\t\t\t<\/div>\n\t\t\t\t<\/div>\n\t\t\t\t<div class=\"elementor-element elementor-element-c5f5a36 jltma-glass-effect-no elementor-widget elementor-widget-text-editor\" data-id=\"c5f5a36\" data-element_type=\"widget\" data-widget_type=\"text-editor.default\">\n\t\t\t\t<div class=\"elementor-widget-container\">\n\t\t\t\t\t\t\t<h3 style=\"text-align: center;\">Schiff<\/h3>\t\t\t\t\t\t<\/div>\n\t\t\t\t<\/div>\n\t\t\t\t<div class=\"elementor-element elementor-element-3a3dd9a jltma-glass-effect-no elementor-widget elementor-widget-text-editor\" data-id=\"3a3dd9a\" data-element_type=\"widget\" data-widget_type=\"text-editor.default\">\n\t\t\t\t<div class=\"elementor-widget-container\">\n\t\t\t\t\t\t\t<p>Derzeit gibt es 4 standardisierte Versionen von Aluminiumr\u00fcmpfen mit variabler Dicke und L\u00e4ngen von 4,70 m bis 6,80 m<\/p>\t\t\t\t\t\t<\/div>\n\t\t\t\t<\/div>\n\t\t\t\t\t<\/div>\n\t\t<\/div>\n\t\t\t\t<div class=\"has_ma_el_bg_slider elementor-column elementor-col-33 elementor-top-column elementor-element elementor-element-6486929 jltma-glass-effect-no\" data-id=\"6486929\" data-element_type=\"column\">\n\t\t\t<div class=\"elementor-widget-wrap elementor-element-populated\">\n\t\t\t\t\t\t\t\t<div class=\"elementor-element elementor-element-53ce3fe jltma-glass-effect-no elementor-widget elementor-widget-image\" data-id=\"53ce3fe\" data-element_type=\"widget\" data-widget_type=\"image.default\">\n\t\t\t\t<div class=\"elementor-widget-container\">\n\t\t\t\t\t\t\t\t\t\t\t\t\t\t\t<img decoding=\"async\" src=\"https:\/\/dragonaluminumboats.com\/wp-content\/uploads\/elementor\/thumbs\/yamaha2-pcbrpg1aaudod9rl72kvf42ppz6cw1a088owd6q5um.png\" title=\"yamaha2\" alt=\"yamaha2\" loading=\"lazy\" \/>\t\t\t\t\t\t\t\t\t\t\t\t\t\t\t<\/div>\n\t\t\t\t<\/div>\n\t\t\t\t<div class=\"elementor-element elementor-element-582a1a7 jltma-glass-effect-no elementor-widget elementor-widget-text-editor\" data-id=\"582a1a7\" data-element_type=\"widget\" data-widget_type=\"text-editor.default\">\n\t\t\t\t<div class=\"elementor-widget-container\">\n\t\t\t\t\t\t\t<h3 style=\"text-align: center;\">Au\u00dfenbordmotor<\/h3>\t\t\t\t\t\t<\/div>\n\t\t\t\t<\/div>\n\t\t\t\t<div class=\"elementor-element elementor-element-eb634d6 jltma-glass-effect-no elementor-widget elementor-widget-text-editor\" data-id=\"eb634d6\" data-element_type=\"widget\" data-widget_type=\"text-editor.default\">\n\t\t\t\t<div class=\"elementor-widget-container\">\n\t\t\t\t\t\t\t<p>Der zweite Schritt gibt die beste Wahl f\u00fcr Ihren Antrieb. Wir bieten Yamaha, Suzuki, Mercury und Honda Motoren.<\/p>\t\t\t\t\t\t<\/div>\n\t\t\t\t<\/div>\n\t\t\t\t\t<\/div>\n\t\t<\/div>\n\t\t\t\t<div class=\"has_ma_el_bg_slider elementor-column elementor-col-33 elementor-top-column elementor-element elementor-element-424e51f jltma-glass-effect-no\" data-id=\"424e51f\" data-element_type=\"column\">\n\t\t\t<div class=\"elementor-widget-wrap elementor-element-populated\">\n\t\t\t\t\t\t\t\t<div class=\"elementor-element elementor-element-29b9f6b jltma-glass-effect-no elementor-widget elementor-widget-image\" data-id=\"29b9f6b\" data-element_type=\"widget\" data-widget_type=\"image.default\">\n\t\t\t\t<div class=\"elementor-widget-container\">\n\t\t\t\t\t\t\t\t\t\t\t\t\t\t\t<img decoding=\"async\" src=\"https:\/\/dragonaluminumboats.com\/wp-content\/uploads\/elementor\/thumbs\/s-l300-p4ql2xzg2bf2xulmzd4f1f8g33gqkfso46cs9zld1g.png\" title=\"s-l300\" alt=\"s-l300\" loading=\"lazy\" \/>\t\t\t\t\t\t\t\t\t\t\t\t\t\t\t<\/div>\n\t\t\t\t<\/div>\n\t\t\t\t<div class=\"elementor-element elementor-element-3b88bb3 jltma-glass-effect-no elementor-widget elementor-widget-text-editor\" data-id=\"3b88bb3\" data-element_type=\"widget\" data-widget_type=\"text-editor.default\">\n\t\t\t\t<div class=\"elementor-widget-container\">\n\t\t\t\t\t\t\t<h3>Ausr\u00fcstung<\/h3>\t\t\t\t\t\t<\/div>\n\t\t\t\t<\/div>\n\t\t\t\t<div class=\"elementor-element elementor-element-d016901 jltma-glass-effect-no elementor-widget elementor-widget-text-editor\" data-id=\"d016901\" data-element_type=\"widget\" data-widget_type=\"text-editor.default\">\n\t\t\t\t<div class=\"elementor-widget-container\">\n\t\t\t\t\t\t\t<p>Abh\u00e4ngig von der Art und Anwendung Ihres Bootes passen wir uns Ihnen als Benutzer vollst\u00e4ndig an und bieten daher eine breite Palette an Zubeh\u00f6r ohne Einschr\u00e4nkungen.<\/p>\t\t\t\t\t\t<\/div>\n\t\t\t\t<\/div>\n\t\t\t\t\t<\/div>\n\t\t<\/div>\n\t\t\t\t\t\t\t<\/div>\n\t\t<\/section>\n\t\t\t\t\t\t\t<\/div>","protected":false},"excerpt":{"rendered":"<p>Dragon Aluminum Boats Dobrodo\u0161li! Veliki je privilegij i u\u017eitak raditi posao koji volite. Upravo na tim temeljima nastala je i djeluje tvrtka &#8220;Metal Pezelj&#8221;. Mi smo<span class=\"excerpt-hellip\"> [\u2026]<\/span><\/p>","protected":false},"author":1,"featured_media":0,"parent":0,"menu_order":0,"comment_status":"closed","ping_status":"closed","template":"","meta":{"footnotes":""},"class_list":["post-6","page","type-page","status-publish","hentry"],"yoast_head":"<!-- This site is optimized with the Yoast SEO plugin v20.13 - https:\/\/yoast.com\/wordpress\/plugins\/seo\/ -->\n<title>Naslovnica &bull; DragonAluminumBoats.com<\/title>\n<meta name=\"description\" content=\"Aluminijski ribarski brodovi &bull; Dragon 680 &bull; Dragon 550 &bull; Dragon 510 &bull; Dragon 470\" \/>\n<meta name=\"robots\" content=\"index, follow, max-snippet:-1, max-image-preview:large, max-video-preview:-1\" \/>\n<link rel=\"canonical\" href=\"https:\/\/dragonaluminumboats.com\/de\/\" \/>\n<meta property=\"og:locale\" content=\"de_DE\" \/>\n<meta property=\"og:type\" content=\"article\" \/>\n<meta property=\"og:title\" content=\"Naslovnica &bull; DragonAluminumBoats.com\" \/>\n<meta property=\"og:description\" content=\"Aluminijski ribarski brodovi &bull; Dragon 680 &bull; Dragon 550 &bull; Dragon 510 &bull; Dragon 470\" \/>\n<meta property=\"og:url\" content=\"https:\/\/dragonaluminumboats.com\/de\/\" \/>\n<meta property=\"og:site_name\" content=\"DragonAluminumBoats.com\" \/>\n<meta property=\"article:modified_time\" content=\"2021-09-09T20:27:53+00:00\" \/>\n<meta property=\"og:image\" content=\"https:\/\/dragonaluminumboats.com\/wp-content\/uploads\/2021\/04\/20210405_191109-1024x768.jpg\" \/>\n<meta name=\"twitter:card\" content=\"summary_large_image\" \/>\n<meta name=\"twitter:label1\" content=\"Gesch\u00e4tzte Lesezeit\" \/>\n\t<meta name=\"twitter:data1\" content=\"2\u00a0Minuten\" \/>\n<script type=\"application\/ld+json\" class=\"yoast-schema-graph\">{\"@context\":\"https:\/\/schema.org\",\"@graph\":[{\"@type\":\"WebPage\",\"@id\":\"https:\/\/dragonaluminumboats.com\/\",\"url\":\"https:\/\/dragonaluminumboats.com\/\",\"name\":\"Naslovnica &bull; DragonAluminumBoats.com\",\"isPartOf\":{\"@id\":\"https:\/\/dragonaluminumboats.com\/#website\"},\"datePublished\":\"2020-09-24T14:11:35+00:00\",\"dateModified\":\"2021-09-09T20:27:53+00:00\",\"description\":\"Aluminijski ribarski brodovi &bull; Dragon 680 &bull; Dragon 550 &bull; Dragon 510 &bull; Dragon 470\",\"breadcrumb\":{\"@id\":\"https:\/\/dragonaluminumboats.com\/#breadcrumb\"},\"inLanguage\":\"de\",\"potentialAction\":[{\"@type\":\"ReadAction\",\"target\":[\"https:\/\/dragonaluminumboats.com\/\"]}]},{\"@type\":\"BreadcrumbList\",\"@id\":\"https:\/\/dragonaluminumboats.com\/#breadcrumb\",\"itemListElement\":[{\"@type\":\"ListItem\",\"position\":1,\"name\":\"Po\u010detna stranica\",\"item\":\"https:\/\/dragonaluminumboats.com\/\"},{\"@type\":\"ListItem\",\"position\":2,\"name\":\"Naslovnica\"}]},{\"@type\":\"WebSite\",\"@id\":\"https:\/\/dragonaluminumboats.com\/#website\",\"url\":\"https:\/\/dragonaluminumboats.com\/\",\"name\":\"DragonAluminumBoats.com\",\"description\":\"Aluminijski brodovi\",\"publisher\":{\"@id\":\"https:\/\/dragonaluminumboats.com\/#organization\"},\"potentialAction\":[{\"@type\":\"SearchAction\",\"target\":{\"@type\":\"EntryPoint\",\"urlTemplate\":\"https:\/\/dragonaluminumboats.com\/?s={search_term_string}\"},\"query-input\":\"required name=search_term_string\"}],\"inLanguage\":\"de\"},{\"@type\":\"Organization\",\"@id\":\"https:\/\/dragonaluminumboats.com\/#organization\",\"name\":\"Dragon Aluminum Boats\",\"url\":\"https:\/\/dragonaluminumboats.com\/\",\"logo\":{\"@type\":\"ImageObject\",\"inLanguage\":\"de\",\"@id\":\"https:\/\/dragonaluminumboats.com\/#\/schema\/logo\/image\/\",\"url\":\"https:\/\/dragonaluminumboats.com\/wp-content\/uploads\/2021\/03\/logo-web-3.png\",\"contentUrl\":\"https:\/\/dragonaluminumboats.com\/wp-content\/uploads\/2021\/03\/logo-web-3.png\",\"width\":600,\"height\":71,\"caption\":\"Dragon Aluminum Boats\"},\"image\":{\"@id\":\"https:\/\/dragonaluminumboats.com\/#\/schema\/logo\/image\/\"}}]}<\/script>\n<!-- \/ Yoast SEO plugin. -->","yoast_head_json":{"title":"Naslovnica &bull; DragonAluminumBoats.com","description":"Aluminijski ribarski brodovi &bull; Dragon 680 &bull; Dragon 550 &bull; Dragon 510 &bull; Dragon 470","robots":{"index":"index","follow":"follow","max-snippet":"max-snippet:-1","max-image-preview":"max-image-preview:large","max-video-preview":"max-video-preview:-1"},"canonical":"https:\/\/dragonaluminumboats.com\/de\/","og_locale":"de_DE","og_type":"article","og_title":"Naslovnica &bull; DragonAluminumBoats.com","og_description":"Aluminijski ribarski brodovi &bull; Dragon 680 &bull; Dragon 550 &bull; Dragon 510 &bull; Dragon 470","og_url":"https:\/\/dragonaluminumboats.com\/de\/","og_site_name":"DragonAluminumBoats.com","article_modified_time":"2021-09-09T20:27:53+00:00","og_image":[{"url":"https:\/\/dragonaluminumboats.com\/wp-content\/uploads\/2021\/04\/20210405_191109-1024x768.jpg"}],"twitter_card":"summary_large_image","twitter_misc":{"Gesch\u00e4tzte Lesezeit":"2\u00a0Minuten"},"schema":{"@context":"https:\/\/schema.org","@graph":[{"@type":"WebPage","@id":"https:\/\/dragonaluminumboats.com\/","url":"https:\/\/dragonaluminumboats.com\/","name":"Naslovnica &bull; DragonAluminumBoats.com","isPartOf":{"@id":"https:\/\/dragonaluminumboats.com\/#website"},"datePublished":"2020-09-24T14:11:35+00:00","dateModified":"2021-09-09T20:27:53+00:00","description":"Aluminijski ribarski brodovi &bull; Dragon 680 &bull; Dragon 550 &bull; Dragon 510 &bull; Dragon 470","breadcrumb":{"@id":"https:\/\/dragonaluminumboats.com\/#breadcrumb"},"inLanguage":"de","potentialAction":[{"@type":"ReadAction","target":["https:\/\/dragonaluminumboats.com\/"]}]},{"@type":"BreadcrumbList","@id":"https:\/\/dragonaluminumboats.com\/#breadcrumb","itemListElement":[{"@type":"ListItem","position":1,"name":"Po\u010detna stranica","item":"https:\/\/dragonaluminumboats.com\/"},{"@type":"ListItem","position":2,"name":"Naslovnica"}]},{"@type":"WebSite","@id":"https:\/\/dragonaluminumboats.com\/#website","url":"https:\/\/dragonaluminumboats.com\/","name":"DragonAluminumBoats.com","description":"Aluminijski brodovi","publisher":{"@id":"https:\/\/dragonaluminumboats.com\/#organization"},"potentialAction":[{"@type":"SearchAction","target":{"@type":"EntryPoint","urlTemplate":"https:\/\/dragonaluminumboats.com\/?s={search_term_string}"},"query-input":"required name=search_term_string"}],"inLanguage":"de"},{"@type":"Organization","@id":"https:\/\/dragonaluminumboats.com\/#organization","name":"Dragon Aluminum Boats","url":"https:\/\/dragonaluminumboats.com\/","logo":{"@type":"ImageObject","inLanguage":"de","@id":"https:\/\/dragonaluminumboats.com\/#\/schema\/logo\/image\/","url":"https:\/\/dragonaluminumboats.com\/wp-content\/uploads\/2021\/03\/logo-web-3.png","contentUrl":"https:\/\/dragonaluminumboats.com\/wp-content\/uploads\/2021\/03\/logo-web-3.png","width":600,"height":71,"caption":"Dragon Aluminum Boats"},"image":{"@id":"https:\/\/dragonaluminumboats.com\/#\/schema\/logo\/image\/"}}]}},"_links":{"self":[{"href":"https:\/\/dragonaluminumboats.com\/de\/wp-json\/wp\/v2\/pages\/6","targetHints":{"allow":["GET"]}}],"collection":[{"href":"https:\/\/dragonaluminumboats.com\/de\/wp-json\/wp\/v2\/pages"}],"about":[{"href":"https:\/\/dragonaluminumboats.com\/de\/wp-json\/wp\/v2\/types\/page"}],"author":[{"embeddable":true,"href":"https:\/\/dragonaluminumboats.com\/de\/wp-json\/wp\/v2\/users\/1"}],"replies":[{"embeddable":true,"href":"https:\/\/dragonaluminumboats.com\/de\/wp-json\/wp\/v2\/comments?post=6"}],"version-history":[{"count":288,"href":"https:\/\/dragonaluminumboats.com\/de\/wp-json\/wp\/v2\/pages\/6\/revisions"}],"predecessor-version":[{"id":3399,"href":"https:\/\/dragonaluminumboats.com\/de\/wp-json\/wp\/v2\/pages\/6\/revisions\/3399"}],"wp:attachment":[{"href":"https:\/\/dragonaluminumboats.com\/de\/wp-json\/wp\/v2\/media?parent=6"}],"curies":[{"name":"wp","href":"https:\/\/api.w.org\/{rel}","templated":true}]}}